{"id":872,"date":"2021-01-08T13:26:52","date_gmt":"2021-01-08T18:26:52","guid":{"rendered":"http:\/\/osorioabogados.com\/?page_id=872"},"modified":"2021-02-10T13:17:01","modified_gmt":"2021-02-10T18:17:01","slug":"inicio","status":"publish","type":"page","link":"https:\/\/osorioabogados.com\/","title":{"rendered":"Inicio"},"content":{"rendered":"<p>[et_pb_section fb_built=\u00bb1&#8243; fullwidth=\u00bbon\u00bb _builder_version=\u00bb3.19.11&#8243;][et_pb_fullwidth_image src=\u00bbhttp:\/\/osorioabogados.com\/wp-content\/uploads\/2020\/12\/portada-ultimo-01.png\u00bb _builder_version=\u00bb3.19.11&#8243;][\/et_pb_fullwidth_image][\/et_pb_section][et_pb_section fb_built=\u00bb1&#8243; _builder_version=\u00bb3.19.11&#8243; background_color=\u00bb#222c84&#8243; custom_padding=\u00bb0|0px|0|0px|false|false\u00bb][et_pb_row make_fullwidth=\u00bbon\u00bb custom_padding=\u00bb44px|0px|62px|0px|false|false\u00bb _builder_version=\u00bb3.19.11&#8243; animation_style=\u00bbzoom\u00bb animation_duration=\u00bb1450ms\u00bb animation_delay=\u00bb50ms\u00bb hover_transition_duration=\u00bb150ms\u00bb][et_pb_column type=\u00bb4_4&#8243; _builder_version=\u00bb3.19.11&#8243; parallax=\u00bboff\u00bb parallax_method=\u00bbon\u00bb][et_pb_code _builder_version=\u00bb3.19.11&#8243;]<!DOCTYPE html><!-- [et_pb_line_break_holder] --><html><!-- [et_pb_line_break_holder] --><head><!-- [et_pb_line_break_holder] --><meta name=\"viewport\" content=\"width=device-width, initial-scale=1\"><!-- [et_pb_line_break_holder] --><\/p>\n<style><!-- [et_pb_line_break_holder] -->div.about {<!-- [et_pb_line_break_holder] -->  padding: 18px;<!-- [et_pb_line_break_holder] -->  text-align:center;<!-- [et_pb_line_break_holder] -->  font-family:lato;<!-- [et_pb_line_break_holder] -->    color:white;<!-- [et_pb_line_break_holder] -->  line-height:1.2;<!-- [et_pb_line_break_holder] -->  <!-- [et_pb_line_break_holder] -->}<!-- [et_pb_line_break_holder] -->  <!-- [et_pb_line_break_holder] -->  p.pabout{<!-- [et_pb_line_break_holder] -->     padding: 20px;<!-- [et_pb_line_break_holder] -->  text-align:center;<!-- [et_pb_line_break_holder] -->  font-family:lato;<!-- [et_pb_line_break_holder] -->    color:white;<!-- [et_pb_line_break_holder] -->    line-height: normal;<!-- [et_pb_line_break_holder] -->    <!-- [et_pb_line_break_holder] -->  }<!-- [et_pb_line_break_holder] --><!-- [et_pb_line_break_holder] -->@media screen and (min-width: 601px) {<!-- [et_pb_line_break_holder] -->  div.about {<!-- [et_pb_line_break_holder] -->    font-size: 42px;<!-- [et_pb_line_break_holder] -->    <!-- [et_pb_line_break_holder] -->  }<!-- [et_pb_line_break_holder] -->  p.pabout{<!-- [et_pb_line_break_holder] -->     font-size: 27px;<!-- [et_pb_line_break_holder] -->  }<!-- [et_pb_line_break_holder] -->}<!-- [et_pb_line_break_holder] --><!-- [et_pb_line_break_holder] -->@media screen and (max-width: 600px) {<!-- [et_pb_line_break_holder] -->  div.about {<!-- [et_pb_line_break_holder] -->    font-size: 24px;<!-- [et_pb_line_break_holder] -->     margin-bottom:-1em;<!-- [et_pb_line_break_holder] -->    line-height:1;<!-- [et_pb_line_break_holder] -->  }<!-- [et_pb_line_break_holder] -->  <!-- [et_pb_line_break_holder] --> <!-- [et_pb_line_break_holder] -->   p.pabout {<!-- [et_pb_line_break_holder] -->    margin-top:0.2em;<!-- [et_pb_line_break_holder] -->      font-size: 18px;<!-- [et_pb_line_break_holder] -->  }<!-- [et_pb_line_break_holder] -->}<!-- [et_pb_line_break_holder] --><\/style>\n<p><!-- [et_pb_line_break_holder] --><\/head><!-- [et_pb_line_break_holder] --><body><!-- [et_pb_line_break_holder] --><!-- [et_pb_line_break_holder] --><!-- [et_pb_line_break_holder] --><!-- [et_pb_line_break_holder] --><\/p>\n<div class=\"about\">Nuestro esfuerzo se ve reflejado en la satisfacci\u00f3n del deber cumplido<\/div>\n<p><!-- [et_pb_line_break_holder] --><!-- [et_pb_line_break_holder] --><\/p>\n<p class=\"pabout\">Osorio Abogados presta servicios legales estructurados seg\u00fan las necesidades de las empresas o empresarios; y servicios legales por eventos a todo tipo de personas. Para ello contamos con una estructura organizacional capacitada desde el punto de vista jur\u00eddico, administrativo y operativo, que se apoya en la experiencia de los socios y los sistemas de gesti\u00f3n incorporados a la compa\u00f1\u00eda. Es de nuestro especial inter\u00e9s la prevalencia de la honestidad, la \u00e9tica, la responsabilidad, la eficacia y la confidencialidad, en la b\u00fasqueda de una integraci\u00f3n permanente con nuestros clientes, que permita agregar valor a sus organizaciones y asuntos personales.<!-- [et_pb_line_break_holder] --><\/p>\n<p><!-- [et_pb_line_break_holder] --><!-- [et_pb_line_break_holder] --><\/body><!-- [et_pb_line_break_holder] --><\/html><!-- [et_pb_line_break_holder] -->[\/et_pb_code][\/et_pb_column][\/et_pb_row][\/et_pb_section][et_pb_section fb_built=\u00bb1&#8243; _builder_version=\u00bb3.19.11&#8243; background_color=\u00bb#000000&#8243;][et_pb_row _builder_version=\u00bb3.19.11&#8243;][et_pb_column type=\u00bb4_4&#8243; _builder_version=\u00bb3.19.11&#8243; parallax=\u00bboff\u00bb parallax_method=\u00bbon\u00bb][et_pb_video src=\u00bbhttp:\/\/www.youtube.com\/watch?v=hKvO6NYBDuw&#038;feature=youtu.be\u00bb _builder_version=\u00bb3.19.11&#8243; border_color_all=\u00bb#000000&#8243;][\/et_pb_video][\/et_pb_column][\/et_pb_row][\/et_pb_section][et_pb_section fb_built=\u00bb1&#8243; _builder_version=\u00bb3.19.11&#8243; background_image=\u00bbhttp:\/\/osorioabogados.com\/wp-content\/uploads\/2021\/02\/fondo-clientes_resized.png\u00bb custom_padding=\u00bb0|0px|50px|0px|false|false\u00bb][et_pb_row _builder_version=\u00bb3.19.11&#8243;][et_pb_column type=\u00bb4_4&#8243; _builder_version=\u00bb3.19.11&#8243; parallax=\u00bboff\u00bb parallax_method=\u00bbon\u00bb][et_pb_code _builder_version=\u00bb3.19.11&#8243;]<\/p>\n<h1 style=\"color: #222c84;<!-- [et_pb_line_break_holder] -->text-align: center;<!-- [et_pb_line_break_holder] -->font-size: 6vw;<!-- [et_pb_line_break_holder] -->font-weight:bold;<!-- [et_pb_line_break_holder] -->font-family:lato;padding-bottom:0vw;margin:0.6em auto\u00bb>Nuestros clientes<!-- [et_pb_line_break_holder] --><!-- [et_pb_line_break_holder] --><\/h1>\n<p><!-- [et_pb_line_break_holder] --><!-- [et_pb_line_break_holder] --><div class=\"wpcp-carousel-wrapper wpcp-wrapper-926\"><div id=\"wpcp-preloader-926\" class=\"wpcp-carousel-preloader\"><img src=\" https:\/\/osorioabogados.com\/wp-content\/plugins\/wp-carousel-free\/public\/css\/ajax-loader.gif \"\/><\/div><div id=\"sp-wp-carousel-free-id-926\" class=\"wpcp-carousel-section sp-wpcp-926 nav-vertical-center wpcp-image-carousel wpcp-preloader wpcp-standard\" data-slick='{ \"accessibility\":true, \"arrows\":true, \"autoplay\":true, \"autoplaySpeed\":3000, \"dots\":true, \"infinite\":true, \"speed\":600, \"pauseOnHover\":true, \"slidesToShow\":4, \"responsive\":[ { \"breakpoint\":1200, \"settings\": { \"slidesToShow\":4 } }, { \"breakpoint\":980, \"settings\":{ \"slidesToShow\":3 } }, { \"breakpoint\":736, \"settings\": { \"slidesToShow\":2 } }, {\"breakpoint\":480, \"settings\":{ \"slidesToShow\":1, \"arrows\": false, \"dots\": false } } ], \"swipe\": true, \"draggable\": true, \"swipeToSlide\":false }'  dir=\"ltr\"><div class=\"wpcp-single-item\"><div class=\"wpcp-slide-image\"><img src=\"https:\/\/osorioabogados.com\/wp-content\/uploads\/2021\/01\/Logotipo_Teate-300x194.png\" alt=\"Logotipo_Teat\u00e9\" width=\"300\" height=\"194\"><\/div><\/div><div class=\"wpcp-single-item\"><div class=\"wpcp-slide-image\"><img src=\"https:\/\/osorioabogados.com\/wp-content\/uploads\/2021\/01\/1548172239945.png\" alt=\"1548172239945\" width=\"200\" height=\"200\"><\/div><\/div><div class=\"wpcp-single-item\"><div class=\"wpcp-slide-image\"><img src=\"https:\/\/osorioabogados.com\/wp-content\/uploads\/2021\/01\/Atenea.jpg\" alt=\"Atenea\" width=\"259\" height=\"194\"><\/div><\/div><div class=\"wpcp-single-item\"><div class=\"wpcp-slide-image\"><img src=\"https:\/\/osorioabogados.com\/wp-content\/uploads\/2020\/11\/cropped-log-3-300x91.png\" alt=\"cropped-log-3\" width=\"300\" height=\"91\"><\/div><\/div><div class=\"wpcp-single-item\"><div class=\"wpcp-slide-image\"><img src=\"https:\/\/osorioabogados.com\/wp-content\/uploads\/2020\/11\/Logo-Hematooncologos-PNG-300x58.png\" alt=\"Logo Hematoonc\u00f3logos PNG\" width=\"300\" height=\"58\"><\/div><\/div><div class=\"wpcp-single-item\"><div class=\"wpcp-slide-image\"><img src=\"https:\/\/osorioabogados.com\/wp-content\/uploads\/2021\/02\/compunet-300x64.png\" alt=\"compunet\" width=\"300\" height=\"64\"><\/div><\/div><div class=\"wpcp-single-item\"><div class=\"wpcp-slide-image\"><img src=\"https:\/\/osorioabogados.com\/wp-content\/uploads\/2021\/02\/dra-cadena-300x73.png\" alt=\"dra-cadena\" width=\"300\" height=\"73\"><\/div><\/div><div class=\"wpcp-single-item\"><div class=\"wpcp-slide-image\"><img src=\"https:\/\/osorioabogados.com\/wp-content\/uploads\/2021\/02\/Etix-Cali-1-Logo-Color-with-text-244x300.png\" alt=\"Etix Cali #1 - Logo Color (with text)\" width=\"244\" height=\"300\"><\/div><\/div><\/div><\/div>[\/et_pb_code][\/et_pb_column][\/et_pb_row][\/et_pb_section][et_pb_section fb_built=\u00bb1&#8243; fullwidth=\u00bbon\u00bb _builder_version=\u00bb3.19.11&#8243;][et_pb_fullwidth_code _builder_version=\u00bb3.19.11&#8243;]<iframe src=\"https:\/\/www.google.com\/maps\/embed?pb=!1m18!1m12!1m3!1d3982.7592137891943!2d-76.55325538524198!3d3.408787997518774!2m3!1f0!2f0!3f0!3m2!1i1024!2i768!4f13.1!3m3!1m2!1s0x8e30a4019696f633%3A0xf717928b54f74b56!2sCra.%2057%20%232a-39%2C%20Cali%2C%20Valle%20del%20Cauca!5e0!3m2!1ses!2sco!4v1609728160729!5m2!1ses!2sco\" width=\"100%\" height=\"510\" frameborder=\"0\" style=\"border:0;\" allowfullscreen=\"\" aria-hidden=\"false\" tabindex=\"0\"><\/iframe>[\/et_pb_fullwidth_code][\/et_pb_section]<\/p>\n","protected":false},"excerpt":{"rendered":"<p>[et_pb_section fb_built=\u00bb1&#8243; fullwidth=\u00bbon\u00bb _builder_version=\u00bb3.19.11&#8243;][et_pb_fullwidth_image src=\u00bbhttp:\/\/osorioabogados.com\/wp-content\/uploads\/2020\/12\/portada-ultimo-01.png\u00bb _builder_version=\u00bb3.19.11&#8243;][\/et_pb_fullwidth_image][\/et_pb_section][et_pb_section fb_built=\u00bb1&#8243; _builder_version=\u00bb3.19.11&#8243; background_color=\u00bb#222c84&#8243; custom_padding=\u00bb0|0px|0|0px|false|false\u00bb][et_pb_row make_fullwidth=\u00bbon\u00bb custom_padding=\u00bb44px|0px|62px|0px|false|false\u00bb _builder_version=\u00bb3.19.11&#8243; animation_style=\u00bbzoom\u00bb animation_duration=\u00bb1450ms\u00bb animation_delay=\u00bb50ms\u00bb hover_transition_duration=\u00bb150ms\u00bb][et_pb_column type=\u00bb4_4&#8243; _builder_version=\u00bb3.19.11&#8243; parallax=\u00bboff\u00bb parallax_method=\u00bbon\u00bb][et_pb_code _builder_version=\u00bb3.19.11&#8243;] Nuestro esfuerzo se ve reflejado en la satisfacci\u00f3n del deber cumplido Osorio Abogados presta servicios legales estructurados seg\u00fan las necesidades de las empresas o empresarios; y servicios legales por eventos a todo tipo [&hellip;]<\/p>\n","protected":false},"author":1,"featured_media":0,"parent":0,"menu_order":0,"comment_status":"closed","ping_status":"closed","template":"","meta":{"_et_pb_use_builder":"on","_et_pb_old_content":""},"_links":{"self":[{"href":"https:\/\/osorioabogados.com\/index.php\/wp-json\/wp\/v2\/pages\/872"}],"collection":[{"href":"https:\/\/osorioabogados.com\/index.php\/wp-json\/wp\/v2\/pages"}],"about":[{"href":"https:\/\/osorioabogados.com\/index.php\/wp-json\/wp\/v2\/types\/page"}],"author":[{"embeddable":true,"href":"https:\/\/osorioabogados.com\/index.php\/wp-json\/wp\/v2\/users\/1"}],"replies":[{"embeddable":true,"href":"https:\/\/osorioabogados.com\/index.php\/wp-json\/wp\/v2\/comments?post=872"}],"version-history":[{"count":29,"href":"https:\/\/osorioabogados.com\/index.php\/wp-json\/wp\/v2\/pages\/872\/revisions"}],"predecessor-version":[{"id":1003,"href":"https:\/\/osorioabogados.com\/index.php\/wp-json\/wp\/v2\/pages\/872\/revisions\/1003"}],"wp:attachment":[{"href":"https:\/\/osorioabogados.com\/index.php\/wp-json\/wp\/v2\/media?parent=872"}],"curies":[{"name":"wp","href":"https:\/\/api.w.org\/{rel}","templated":true}]}}