{"id":432,"date":"2020-12-20T16:55:38","date_gmt":"2020-12-20T21:55:38","guid":{"rendered":"http:\/\/osorioabogados.com\/?page_id=432"},"modified":"2021-02-04T18:50:52","modified_gmt":"2021-02-04T23:50:52","slug":"junior","status":"publish","type":"page","link":"https:\/\/osorioabogados.com\/index.php\/junior\/","title":{"rendered":"Junior"},"content":{"rendered":"<p>[et_pb_section fb_built=\u00bb1&#8243; _builder_version=\u00bb3.19.11&#8243; custom_padding=\u00bb0|0px|32px|0px|false|false\u00bb][et_pb_row make_fullwidth=\u00bbon\u00bb custom_padding=\u00bb27px|0px|0|0px|false|false\u00bb _builder_version=\u00bb3.19.11&#8243;][et_pb_column type=\u00bb1_2&#8243; _builder_version=\u00bb3.19.11&#8243; parallax=\u00bboff\u00bb parallax_method=\u00bbon\u00bb][et_pb_image src=\u00bbhttp:\/\/osorioabogados.com\/wp-content\/uploads\/2021\/02\/junior-perfil-completo-01.png\u00bb _builder_version=\u00bb3.19.11&#8243;][\/et_pb_image][\/et_pb_column][et_pb_column type=\u00bb1_2&#8243; _builder_version=\u00bb3.19.11&#8243; parallax=\u00bboff\u00bb parallax_method=\u00bbon\u00bb][et_pb_code _builder_version=\u00bb3.19.11&#8243;][\/et_pb_code][et_pb_code _builder_version=\u00bb3.19.11&#8243;]<!-- [et_pb_line_break_holder] --><br \/><!-- [et_pb_line_break_holder] --><\/p>\n<h1 style=\"color:black;font-size:5vw;font-family:lato;\"><!-- [et_pb_line_break_holder] -->  Junior Andr\u00e9s Guerrero<!-- [et_pb_line_break_holder] --><\/h1>\n<p><!-- [et_pb_line_break_holder] --><\/p>\n<h2 style=\"color:black;font-size:3vw;font-family:lato\"><!-- [et_pb_line_break_holder] -->  Abogado<!-- [et_pb_line_break_holder] --><\/h2>\n<p><!-- [et_pb_line_break_holder] --><br \/><!-- [et_pb_line_break_holder] --><\/p>\n<h3 style=\"font-family:lato; text-align: left;font-size:1.5vw;color:#000000\"><!-- [et_pb_line_break_holder] --> <b> Formaci\u00f3n: <\/b><!-- [et_pb_line_break_holder] --><\/h3>\n<p><!-- [et_pb_line_break_holder] --><!-- [et_pb_line_break_holder] --><\/p>\n<div style=\"font-family:lato; text-align: left;font-size:1.5vw;color:#000000\"><!-- [et_pb_line_break_holder] -->  <\/p>\n<ul><!-- [et_pb_line_break_holder] -->  <\/p>\n<li>\n<pre style=\"font-family:lato; text-align: left;font-size:1.3vw;color:#000000\" >Abogado egresado de la Universidad Cooperativa de Colombia a\u00f1o<br> 2012.<!-- [et_pb_line_break_holder] -->\u00a0<!-- [et_pb_line_break_holder] --><\/pre>\n<\/li>\n<p><!-- [et_pb_line_break_holder] -->    <!-- [et_pb_line_break_holder] --><\/ul>\n<p>   <!-- [et_pb_line_break_holder] --><\/div>\n<p><!-- [et_pb_line_break_holder] -->  <br \/><!-- [et_pb_line_break_holder] -->    <\/p>\n<h3 style=\"font-family:lato; text-align: left;font-size:1.3vw;color:#000000\"><!-- [et_pb_line_break_holder] --> <b> \u00c1reas de experticia: <\/b><!-- [et_pb_line_break_holder] --><\/h3>\n<p><!-- [et_pb_line_break_holder] --><\/p>\n<div style=\"font-family:lato; text-align: left;font-size:1.3vw;color:#000000\"><!-- [et_pb_line_break_holder] -->  <\/p>\n<ul><!-- [et_pb_line_break_holder] -->  <\/p>\n<li>\n<pre style=\"font-family:lato; text-align: left;font-size:1.3vw;color:#000000\" >Abogado con\u00a0amplia experiencia como asesor empresarial en las \u00e1reas<br> del derecho laboral y seguridad social, comercial, civil, inmobiliario,<br> derecho del consumidor,\u00a0asesor\u00eda y apoderamiento en litigios en las<br> \u00e1reas civil\u00a0y laboral.<\/pre>\n<\/li>\n<p><!-- [et_pb_line_break_holder] -->    <!-- [et_pb_line_break_holder] -->   <!-- [et_pb_line_break_holder] -->   <!-- [et_pb_line_break_holder] --><\/ul>\n<p>   <!-- [et_pb_line_break_holder] --><\/div>\n<p>\t[\/et_pb_code][\/et_pb_column][\/et_pb_row][\/et_pb_section]<\/p>\n","protected":false},"excerpt":{"rendered":"<p>[et_pb_section fb_built=\u00bb1&#8243; _builder_version=\u00bb3.19.11&#8243; custom_padding=\u00bb0|0px|32px|0px|false|false\u00bb][et_pb_row make_fullwidth=\u00bbon\u00bb custom_padding=\u00bb27px|0px|0|0px|false|false\u00bb _builder_version=\u00bb3.19.11&#8243;][et_pb_column type=\u00bb1_2&#8243; _builder_version=\u00bb3.19.11&#8243; parallax=\u00bboff\u00bb parallax_method=\u00bbon\u00bb][et_pb_image src=\u00bbhttp:\/\/osorioabogados.com\/wp-content\/uploads\/2021\/02\/junior-perfil-completo-01.png\u00bb _builder_version=\u00bb3.19.11&#8243;][\/et_pb_image][\/et_pb_column][et_pb_column type=\u00bb1_2&#8243; _builder_version=\u00bb3.19.11&#8243; parallax=\u00bboff\u00bb parallax_method=\u00bbon\u00bb][et_pb_code _builder_version=\u00bb3.19.11&#8243;][\/et_pb_code][et_pb_code _builder_version=\u00bb3.19.11&#8243;] Junior Andr\u00e9s Guerrero Abogado Formaci\u00f3n: Abogado egresado de la Universidad Cooperativa de Colombia a\u00f1o 2012.\u00a0 \u00c1reas de experticia: Abogado con\u00a0amplia experiencia como asesor empresarial en las \u00e1reas del derecho laboral y seguridad social, comercial, civil, inmobiliario, [&hellip;]<\/p>\n","protected":false},"author":1,"featured_media":0,"parent":0,"menu_order":0,"comment_status":"closed","ping_status":"closed","template":"","meta":{"_et_pb_use_builder":"on","_et_pb_old_content":""},"_links":{"self":[{"href":"https:\/\/osorioabogados.com\/index.php\/wp-json\/wp\/v2\/pages\/432"}],"collection":[{"href":"https:\/\/osorioabogados.com\/index.php\/wp-json\/wp\/v2\/pages"}],"about":[{"href":"https:\/\/osorioabogados.com\/index.php\/wp-json\/wp\/v2\/types\/page"}],"author":[{"embeddable":true,"href":"https:\/\/osorioabogados.com\/index.php\/wp-json\/wp\/v2\/users\/1"}],"replies":[{"embeddable":true,"href":"https:\/\/osorioabogados.com\/index.php\/wp-json\/wp\/v2\/comments?post=432"}],"version-history":[{"count":10,"href":"https:\/\/osorioabogados.com\/index.php\/wp-json\/wp\/v2\/pages\/432\/revisions"}],"predecessor-version":[{"id":993,"href":"https:\/\/osorioabogados.com\/index.php\/wp-json\/wp\/v2\/pages\/432\/revisions\/993"}],"wp:attachment":[{"href":"https:\/\/osorioabogados.com\/index.php\/wp-json\/wp\/v2\/media?parent=432"}],"curies":[{"name":"wp","href":"https:\/\/api.w.org\/{rel}","templated":true}]}}