{"id":391,"date":"2020-12-18T20:20:36","date_gmt":"2020-12-19T01:20:36","guid":{"rendered":"http:\/\/osorioabogados.com\/?page_id=391"},"modified":"2021-02-01T12:20:12","modified_gmt":"2021-02-01T17:20:12","slug":"procesal","status":"publish","type":"page","link":"https:\/\/osorioabogados.com\/index.php\/procesal\/","title":{"rendered":"Procesal"},"content":{"rendered":"<p>[et_pb_section fb_built=\u00bb1&#8243; fullwidth=\u00bbon\u00bb _builder_version=\u00bb3.19.11&#8243;][et_pb_fullwidth_image src=\u00bbhttp:\/\/osorioabogados.com\/wp-content\/uploads\/2021\/02\/Procesal_Mesa-de-trabajo-1.png\u00bb _builder_version=\u00bb3.19.11&#8243;][\/et_pb_fullwidth_image][\/et_pb_section][et_pb_section fb_built=\u00bb1&#8243; _builder_version=\u00bb3.19.11&#8243;][et_pb_row make_fullwidth=\u00bbon\u00bb _builder_version=\u00bb3.19.11&#8243;][et_pb_column type=\u00bb3_5&#8243; _builder_version=\u00bb3.19.11&#8243; parallax=\u00bboff\u00bb parallax_method=\u00bbon\u00bb][et_pb_code _builder_version=\u00bb3.19.11&#8243;]<!DOCTYPE html><!-- [et_pb_line_break_holder] --><html><!-- [et_pb_line_break_holder] --><head><!-- [et_pb_line_break_holder] --><meta name=\"viewport\" content=\"width=device-width, initial-scale=1\"><!-- [et_pb_line_break_holder] --><\/p>\n<style><!-- [et_pb_line_break_holder] -->div.example {<!-- [et_pb_line_break_holder] -->  color: #222c84;<!-- [et_pb_line_break_holder] -->  padding-bottom: 30px;<!-- [et_pb_line_break_holder] -->  font-weight:bold;<!-- [et_pb_line_break_holder] -->  font-family:lato;<!-- [et_pb_line_break_holder] -->  text-align:left;<!-- [et_pb_line_break_holder] -->}<!-- [et_pb_line_break_holder] -->  <!-- [et_pb_line_break_holder] -->  div.example2 {<!-- [et_pb_line_break_holder] -->  color: #222c84;<!-- [et_pb_line_break_holder] -->  padding-bottom: 30px;<!-- [et_pb_line_break_holder] -->  font-weight:bold;<!-- [et_pb_line_break_holder] -->  font-family:lato;<!-- [et_pb_line_break_holder] -->    line-height:1;<!-- [et_pb_line_break_holder] -->}<!-- [et_pb_line_break_holder] -->  div.parrafo{<!-- [et_pb_line_break_holder] -->    line-height:1.3;<!-- [et_pb_line_break_holder] -->  }<!-- [et_pb_line_break_holder] -->  <!-- [et_pb_line_break_holder] -->  div.lista{<!-- [et_pb_line_break_holder] -->    line-height:1;<!-- [et_pb_line_break_holder] -->    color:black;<!-- [et_pb_line_break_holder] -->  }<!-- [et_pb_line_break_holder] --><!-- [et_pb_line_break_holder] -->@media screen and (min-width: 601px) {<!-- [et_pb_line_break_holder] -->  div.example {<!-- [et_pb_line_break_holder] -->    font-size: 90px;<!-- [et_pb_line_break_holder] -->  }<!-- [et_pb_line_break_holder] -->  div.example2 {<!-- [et_pb_line_break_holder] -->    font-size: 60px;<!-- [et_pb_line_break_holder] -->  }<!-- [et_pb_line_break_holder] -->  div.parrafo {<!-- [et_pb_line_break_holder] -->    font-size: 1.5vw;<!-- [et_pb_line_break_holder] -->    padding-bottom:2vw;<!-- [et_pb_line_break_holder] -->  }<!-- [et_pb_line_break_holder] -->   div.lista{<!-- [et_pb_line_break_holder] -->    line-height:1;<!-- [et_pb_line_break_holder] -->    color:black;<!-- [et_pb_line_break_holder] -->      font-size: 1.6vw;<!-- [et_pb_line_break_holder] -->  }<!-- [et_pb_line_break_holder] -->}<!-- [et_pb_line_break_holder] --><!-- [et_pb_line_break_holder] -->@media screen and (max-width: 600px) {<!-- [et_pb_line_break_holder] -->  div.example {<!-- [et_pb_line_break_holder] -->    font-size: 10vw;<!-- [et_pb_line_break_holder] -->  }<!-- [et_pb_line_break_holder] -->  div.example2 {<!-- [et_pb_line_break_holder] -->    font-size: 6vw;<!-- [et_pb_line_break_holder] -->  }<!-- [et_pb_line_break_holder] -->  div.parrafo {<!-- [et_pb_line_break_holder] -->    font-size: 4vw;<!-- [et_pb_line_break_holder] -->    text-align:center;<!-- [et_pb_line_break_holder] -->  }<!-- [et_pb_line_break_holder] -->  div.lista{<!-- [et_pb_line_break_holder] -->    line-height:1;<!-- [et_pb_line_break_holder] -->    color:black;<!-- [et_pb_line_break_holder] -->      font-size: 4vw;<!-- [et_pb_line_break_holder] -->    text-align:left;<!-- [et_pb_line_break_holder] -->  }<!-- [et_pb_line_break_holder] -->  <!-- [et_pb_line_break_holder] -->}<!-- [et_pb_line_break_holder] --><\/style>\n<p><!-- [et_pb_line_break_holder] --><\/head><!-- [et_pb_line_break_holder] --><body><!-- [et_pb_line_break_holder] --><!-- [et_pb_line_break_holder] --><!-- [et_pb_line_break_holder] --><!-- [et_pb_line_break_holder] --><\/p>\n<div class=\"example\">Procesal<\/div>\n<p><!-- [et_pb_line_break_holder] --><!-- [et_pb_line_break_holder] --><br \/><!-- [et_pb_line_break_holder] -->  <\/p>\n<div class=\"parrafo\" style=\"color:black;\"><!-- [et_pb_line_break_holder] -->Es el mecanismo por medio del cual se pueden hacer valer los derechos, acudiendo a la intervenci\u00f3n de la rama judicial del Estado. Su campo de aplicaci\u00f3n corresponde a la forma y metodolog\u00eda necesaria para intervenir en un proceso judicial.<\/p>\n<p>Los procesos judiciales son de diversa \u00edndole, tales como, declarativos de derechos, ejecutivos de obligaciones, de jurisdicci\u00f3n voluntaria (como sucesiones, interdicciones). Tambi\u00e9n incluye los mecanismos alternativos de soluci\u00f3n de conflictos tales como la conciliaci\u00f3n y la amigable composici\u00f3n.<!-- [et_pb_line_break_holder] -->  <\/div>\n<p><!-- [et_pb_line_break_holder] -->  <br \/><!-- [et_pb_line_break_holder] -->  <\/p>\n<div class=\"example2\"><!-- [et_pb_line_break_holder] --> Por ejemplo:<!-- [et_pb_line_break_holder] -->  <\/div>\n<p><!-- [et_pb_line_break_holder] -->  <!-- [et_pb_line_break_holder] --><\/p>\n<div class=\"lista\" style=\"color:black;\"><!-- [et_pb_line_break_holder] --> <span>\u2022<\/span><!-- [et_pb_line_break_holder] -->Tramite de procesos judiciales.<!-- [et_pb_line_break_holder] -->  <\/div>\n<p><!-- [et_pb_line_break_holder] --><\/body><!-- [et_pb_line_break_holder] --><\/html><!-- [et_pb_line_break_holder] -->[\/et_pb_code][\/et_pb_column][et_pb_column type=\u00bb2_5&#8243; _builder_version=\u00bb3.19.11&#8243; parallax=\u00bboff\u00bb parallax_method=\u00bbon\u00bb][et_pb_image src=\u00bbhttp:\/\/osorioabogados.com\/wp-content\/uploads\/2020\/12\/procesal-02.png\u00bb _builder_version=\u00bb3.19.11&#8243;][\/et_pb_image][\/et_pb_column][\/et_pb_row][\/et_pb_section]<\/p>\n","protected":false},"excerpt":{"rendered":"<p>[et_pb_section fb_built=\u00bb1&#8243; fullwidth=\u00bbon\u00bb _builder_version=\u00bb3.19.11&#8243;][et_pb_fullwidth_image src=\u00bbhttp:\/\/osorioabogados.com\/wp-content\/uploads\/2021\/02\/Procesal_Mesa-de-trabajo-1.png\u00bb _builder_version=\u00bb3.19.11&#8243;][\/et_pb_fullwidth_image][\/et_pb_section][et_pb_section fb_built=\u00bb1&#8243; _builder_version=\u00bb3.19.11&#8243;][et_pb_row make_fullwidth=\u00bbon\u00bb _builder_version=\u00bb3.19.11&#8243;][et_pb_column type=\u00bb3_5&#8243; _builder_version=\u00bb3.19.11&#8243; parallax=\u00bboff\u00bb parallax_method=\u00bbon\u00bb][et_pb_code _builder_version=\u00bb3.19.11&#8243;] Procesal Es el mecanismo por medio del cual se pueden hacer valer los derechos, acudiendo a la intervenci\u00f3n de la rama judicial del Estado. Su campo de aplicaci\u00f3n corresponde a la forma y metodolog\u00eda necesaria para intervenir en un proceso [&hellip;]<\/p>\n","protected":false},"author":1,"featured_media":0,"parent":0,"menu_order":0,"comment_status":"closed","ping_status":"closed","template":"","meta":{"_et_pb_use_builder":"on","_et_pb_old_content":""},"_links":{"self":[{"href":"https:\/\/osorioabogados.com\/index.php\/wp-json\/wp\/v2\/pages\/391"}],"collection":[{"href":"https:\/\/osorioabogados.com\/index.php\/wp-json\/wp\/v2\/pages"}],"about":[{"href":"https:\/\/osorioabogados.com\/index.php\/wp-json\/wp\/v2\/types\/page"}],"author":[{"embeddable":true,"href":"https:\/\/osorioabogados.com\/index.php\/wp-json\/wp\/v2\/users\/1"}],"replies":[{"embeddable":true,"href":"https:\/\/osorioabogados.com\/index.php\/wp-json\/wp\/v2\/comments?post=391"}],"version-history":[{"count":11,"href":"https:\/\/osorioabogados.com\/index.php\/wp-json\/wp\/v2\/pages\/391\/revisions"}],"predecessor-version":[{"id":941,"href":"https:\/\/osorioabogados.com\/index.php\/wp-json\/wp\/v2\/pages\/391\/revisions\/941"}],"wp:attachment":[{"href":"https:\/\/osorioabogados.com\/index.php\/wp-json\/wp\/v2\/media?parent=391"}],"curies":[{"name":"wp","href":"https:\/\/api.w.org\/{rel}","templated":true}]}}