{"id":379,"date":"2020-12-18T20:10:10","date_gmt":"2020-12-19T01:10:10","guid":{"rendered":"http:\/\/osorioabogados.com\/?page_id=379"},"modified":"2021-02-04T17:49:47","modified_gmt":"2021-02-04T22:49:47","slug":"administrativo","status":"publish","type":"page","link":"https:\/\/osorioabogados.com\/index.php\/administrativo\/","title":{"rendered":"Administrativo"},"content":{"rendered":"<p>[et_pb_section fb_built=\u00bb1&#8243; fullwidth=\u00bbon\u00bb _builder_version=\u00bb3.19.11&#8243;][et_pb_fullwidth_image src=\u00bbhttp:\/\/osorioabogados.com\/wp-content\/uploads\/2020\/12\/Administrativo-01-4.png\u00bb _builder_version=\u00bb3.19.11&#8243;][\/et_pb_fullwidth_image][\/et_pb_section][et_pb_section fb_built=\u00bb1&#8243; _builder_version=\u00bb3.19.11&#8243;][et_pb_row make_fullwidth=\u00bbon\u00bb _builder_version=\u00bb3.19.11&#8243;][et_pb_column type=\u00bb2_3&#8243; _builder_version=\u00bb3.19.11&#8243; parallax=\u00bboff\u00bb parallax_method=\u00bbon\u00bb][et_pb_code _builder_version=\u00bb3.19.11&#8243;]<!DOCTYPE html><!-- [et_pb_line_break_holder] --><html><!-- [et_pb_line_break_holder] --><head><!-- [et_pb_line_break_holder] --><meta name=\"viewport\" content=\"width=device-width, initial-scale=1\"><!-- [et_pb_line_break_holder] --><\/p>\n<style><!-- [et_pb_line_break_holder] -->div.example {<!-- [et_pb_line_break_holder] -->  color: #222c84;<!-- [et_pb_line_break_holder] -->  padding-bottom: 20px;<!-- [et_pb_line_break_holder] -->  font-weight:bold;<!-- [et_pb_line_break_holder] -->  font-family:lato;<!-- [et_pb_line_break_holder] -->  text-align:left;<!-- [et_pb_line_break_holder] -->}<!-- [et_pb_line_break_holder] -->  <!-- [et_pb_line_break_holder] -->  div.example2 {<!-- [et_pb_line_break_holder] -->  color: #222c84;<!-- [et_pb_line_break_holder] -->   padding-bottom: 20px;<!-- [et_pb_line_break_holder] -->  font-weight:bold;<!-- [et_pb_line_break_holder] -->  font-family:lato;<!-- [et_pb_line_break_holder] -->    line-height:1;<!-- [et_pb_line_break_holder] -->}<!-- [et_pb_line_break_holder] -->  div.parrafo{<!-- [et_pb_line_break_holder] -->    line-height:1.3;<!-- [et_pb_line_break_holder] -->  }<!-- [et_pb_line_break_holder] -->  <!-- [et_pb_line_break_holder] -->  div.lista{<!-- [et_pb_line_break_holder] -->    line-height:1.3;<!-- [et_pb_line_break_holder] -->    color:black;<!-- [et_pb_line_break_holder] -->  }<!-- [et_pb_line_break_holder] --><!-- [et_pb_line_break_holder] -->@media screen and (min-width: 601px) {<!-- [et_pb_line_break_holder] -->  div.example {<!-- [et_pb_line_break_holder] -->    font-size: 90px;<!-- [et_pb_line_break_holder] -->  }<!-- [et_pb_line_break_holder] -->  div.example2 {<!-- [et_pb_line_break_holder] -->    font-size: 60px;<!-- [et_pb_line_break_holder] -->  }<!-- [et_pb_line_break_holder] -->  div.parrafo {<!-- [et_pb_line_break_holder] -->    font-size: 1.5vw;<!-- [et_pb_line_break_holder] -->    padding-bottom:2vw;<!-- [et_pb_line_break_holder] -->  }<!-- [et_pb_line_break_holder] -->   div.lista{<!-- [et_pb_line_break_holder] -->    line-height:1.3;<!-- [et_pb_line_break_holder] -->    color:black;<!-- [et_pb_line_break_holder] -->      font-size: 1.5vw;<!-- [et_pb_line_break_holder] -->  }<!-- [et_pb_line_break_holder] -->}<!-- [et_pb_line_break_holder] --><!-- [et_pb_line_break_holder] -->@media screen and (max-width: 600px) {<!-- [et_pb_line_break_holder] -->  div.example {<!-- [et_pb_line_break_holder] -->    font-size: 10vw;<!-- [et_pb_line_break_holder] -->  }<!-- [et_pb_line_break_holder] -->  div.example2 {<!-- [et_pb_line_break_holder] -->    font-size: 6vw;<!-- [et_pb_line_break_holder] -->  }<!-- [et_pb_line_break_holder] -->  div.parrafo {<!-- [et_pb_line_break_holder] -->    font-size: 4vw;<!-- [et_pb_line_break_holder] -->    text-align:center;<!-- [et_pb_line_break_holder] -->  }<!-- [et_pb_line_break_holder] -->  div.lista{<!-- [et_pb_line_break_holder] -->    line-height:1.2;<!-- [et_pb_line_break_holder] -->    color:black;<!-- [et_pb_line_break_holder] -->      font-size: 4vw;<!-- [et_pb_line_break_holder] -->    text-align:left;<!-- [et_pb_line_break_holder] -->  }<!-- [et_pb_line_break_holder] -->  <!-- [et_pb_line_break_holder] -->}<!-- [et_pb_line_break_holder] --><\/style>\n<p><!-- [et_pb_line_break_holder] --><\/head><!-- [et_pb_line_break_holder] --><body><!-- [et_pb_line_break_holder] --><!-- [et_pb_line_break_holder] --><!-- [et_pb_line_break_holder] --><!-- [et_pb_line_break_holder] --><\/p>\n<div class=\"example\">Administrativo<\/div>\n<p><!-- [et_pb_line_break_holder] --><!-- [et_pb_line_break_holder] --><br \/><!-- [et_pb_line_break_holder] -->  <\/p>\n<div class=\"parrafo\" style=\"color:black;\"><!-- [et_pb_line_break_holder] -->    Cuando se hace necesario intervenir legalmente frente a entidades del Estado. Tambi\u00e9n para actuar judicialmente en la b\u00fasqueda de su responsabilidad y reparaci\u00f3n, mediante acciones de grupo, acciones populares; y los medios de control, tales como, reparaci\u00f3n directa, controversias contractuales y nulidad y restablecimiento del derecho.<!-- [et_pb_line_break_holder] -->  <\/div>\n<p><!-- [et_pb_line_break_holder] -->  <br \/><!-- [et_pb_line_break_holder] -->  <\/p>\n<div class=\"example2\"><!-- [et_pb_line_break_holder] --> Por ejemplo:<!-- [et_pb_line_break_holder] -->  <\/div>\n<p><!-- [et_pb_line_break_holder] -->  <!-- [et_pb_line_break_holder] --><\/p>\n<div class=\"lista\" style=\"color:black;\"><!-- [et_pb_line_break_holder] --> <span>\u2022<\/span><!-- [et_pb_line_break_holder] --> Solicitudes de conciliaci\u00f3n ante la procuradur\u00eda Judicial para asuntos administrativos<!-- [et_pb_line_break_holder] -->  <\/div>\n<p><!-- [et_pb_line_break_holder] -->  <br \/><!-- [et_pb_line_break_holder] -->  <\/p>\n<div class=\"lista\" style=\"color:black;\"><!-- [et_pb_line_break_holder] --> <span>\u2022<\/span><!-- [et_pb_line_break_holder] -->Acciones populares<!-- [et_pb_line_break_holder] -->  <\/div>\n<p><!-- [et_pb_line_break_holder] -->  <br \/><!-- [et_pb_line_break_holder] -->  <\/p>\n<div class=\"lista\" style=\"color:black;\"><!-- [et_pb_line_break_holder] --> <span>\u2022<\/span><!-- [et_pb_line_break_holder] --> Acciones de grupo<!-- [et_pb_line_break_holder] -->  <\/div>\n<p><!-- [et_pb_line_break_holder] -->  <br \/><!-- [et_pb_line_break_holder] -->  <\/p>\n<div class=\"lista\" style=\"color:black;\"><!-- [et_pb_line_break_holder] --> <span>\u2022<\/span><!-- [et_pb_line_break_holder] --> Agotamiento de sede administrativa (v\u00eda gubernativa)<!-- [et_pb_line_break_holder] -->  <\/div>\n<p><!-- [et_pb_line_break_holder] -->  <br \/><!-- [et_pb_line_break_holder] -->    <\/p>\n<div class=\"lista\" style=\"color:black;\"><!-- [et_pb_line_break_holder] --> <span>\u2022<\/span><!-- [et_pb_line_break_holder] --> Garant\u00eda de continuidad y memoria de los asuntos de relevancia jur\u00eddica.<!-- [et_pb_line_break_holder] -->  <\/div>\n<p><!-- [et_pb_line_break_holder] -->  <br \/><!-- [et_pb_line_break_holder] -->   <\/p>\n<div class=\"lista\" style=\"color:black;\"><!-- [et_pb_line_break_holder] --> <span>\u2022<\/span><!-- [et_pb_line_break_holder] -->Asesoramiento ante Entidades del Estado (Entidades territoriales, entidades descentralizadas, Ministerios)<!-- [et_pb_line_break_holder] -->  <\/div>\n<p><!-- [et_pb_line_break_holder] -->   <br \/><!-- [et_pb_line_break_holder] -->   <\/p>\n<div class=\"lista\" style=\"color:black;\"><!-- [et_pb_line_break_holder] --> <span>\u2022<\/span><!-- [et_pb_line_break_holder] -->Asesoramiento y apoderamiento ante organismos de control  (procesos disciplinarios, procesos de responsabilidad Fiscal)<!-- [et_pb_line_break_holder] --><\/div>\n<p><!-- [et_pb_line_break_holder] -->  <br \/><!-- [et_pb_line_break_holder] -->   <\/p>\n<div class=\"lista\" style=\"color:black;\"><!-- [et_pb_line_break_holder] --> <span>\u2022<\/span><!-- [et_pb_line_break_holder] -->Solicitudes de revocatoria directa de actos administrativos<!-- [et_pb_line_break_holder] --><\/div>\n<p><!-- [et_pb_line_break_holder] -->  <br \/><!-- [et_pb_line_break_holder] -->   <\/p>\n<div class=\"lista\" style=\"color:black;\"><!-- [et_pb_line_break_holder] --> <span>\u2022<\/span><!-- [et_pb_line_break_holder] -->Procesos judiciales (Reparaci\u00f3n Directa, nulidad, nulidad y restablecimiento del derecho, controversias contractuales)<!-- [et_pb_line_break_holder] --><\/div>\n<p><!-- [et_pb_line_break_holder] --><\/body><!-- [et_pb_line_break_holder] --><\/html><!-- [et_pb_line_break_holder] -->[\/et_pb_code][\/et_pb_column][et_pb_column type=\u00bb1_3&#8243; _builder_version=\u00bb3.19.11&#8243; parallax=\u00bboff\u00bb parallax_method=\u00bbon\u00bb][et_pb_image src=\u00bbhttp:\/\/osorioabogados.com\/wp-content\/uploads\/2020\/12\/Administrativo-02.png\u00bb _builder_version=\u00bb3.19.11&#8243;][\/et_pb_image][\/et_pb_column][\/et_pb_row][\/et_pb_section]<\/p>\n","protected":false},"excerpt":{"rendered":"<p>[et_pb_section fb_built=\u00bb1&#8243; fullwidth=\u00bbon\u00bb _builder_version=\u00bb3.19.11&#8243;][et_pb_fullwidth_image src=\u00bbhttp:\/\/osorioabogados.com\/wp-content\/uploads\/2020\/12\/Administrativo-01-4.png\u00bb _builder_version=\u00bb3.19.11&#8243;][\/et_pb_fullwidth_image][\/et_pb_section][et_pb_section fb_built=\u00bb1&#8243; _builder_version=\u00bb3.19.11&#8243;][et_pb_row make_fullwidth=\u00bbon\u00bb _builder_version=\u00bb3.19.11&#8243;][et_pb_column type=\u00bb2_3&#8243; _builder_version=\u00bb3.19.11&#8243; parallax=\u00bboff\u00bb parallax_method=\u00bbon\u00bb][et_pb_code _builder_version=\u00bb3.19.11&#8243;] Administrativo Cuando se hace necesario intervenir legalmente frente a entidades del Estado. Tambi\u00e9n para actuar judicialmente en la b\u00fasqueda de su responsabilidad y reparaci\u00f3n, mediante acciones de grupo, acciones populares; y los medios de control, tales como, reparaci\u00f3n directa, controversias [&hellip;]<\/p>\n","protected":false},"author":1,"featured_media":0,"parent":0,"menu_order":0,"comment_status":"closed","ping_status":"closed","template":"","meta":{"_et_pb_use_builder":"on","_et_pb_old_content":""},"_links":{"self":[{"href":"https:\/\/osorioabogados.com\/index.php\/wp-json\/wp\/v2\/pages\/379"}],"collection":[{"href":"https:\/\/osorioabogados.com\/index.php\/wp-json\/wp\/v2\/pages"}],"about":[{"href":"https:\/\/osorioabogados.com\/index.php\/wp-json\/wp\/v2\/types\/page"}],"author":[{"embeddable":true,"href":"https:\/\/osorioabogados.com\/index.php\/wp-json\/wp\/v2\/users\/1"}],"replies":[{"embeddable":true,"href":"https:\/\/osorioabogados.com\/index.php\/wp-json\/wp\/v2\/comments?post=379"}],"version-history":[{"count":14,"href":"https:\/\/osorioabogados.com\/index.php\/wp-json\/wp\/v2\/pages\/379\/revisions"}],"predecessor-version":[{"id":971,"href":"https:\/\/osorioabogados.com\/index.php\/wp-json\/wp\/v2\/pages\/379\/revisions\/971"}],"wp:attachment":[{"href":"https:\/\/osorioabogados.com\/index.php\/wp-json\/wp\/v2\/media?parent=379"}],"curies":[{"name":"wp","href":"https:\/\/api.w.org\/{rel}","templated":true}]}}