{"id":374,"date":"2020-12-18T19:29:55","date_gmt":"2020-12-19T00:29:55","guid":{"rendered":"http:\/\/osorioabogados.com\/?page_id=374"},"modified":"2021-02-04T17:34:59","modified_gmt":"2021-02-04T22:34:59","slug":"outsourcing","status":"publish","type":"page","link":"https:\/\/osorioabogados.com\/index.php\/outsourcing\/","title":{"rendered":"Outsourcing"},"content":{"rendered":"<p>[et_pb_section fb_built=\u00bb1&#8243; fullwidth=\u00bbon\u00bb _builder_version=\u00bb3.19.11&#8243;][et_pb_fullwidth_image src=\u00bbhttp:\/\/osorioabogados.com\/wp-content\/uploads\/2020\/12\/Outsourcing-01-3.png\u00bb _builder_version=\u00bb3.19.11&#8243;][\/et_pb_fullwidth_image][\/et_pb_section][et_pb_section fb_built=\u00bb1&#8243; _builder_version=\u00bb3.19.11&#8243;][et_pb_row make_fullwidth=\u00bbon\u00bb custom_padding=\u00bb0|0px|0|0px|false|false\u00bb _builder_version=\u00bb3.19.11&#8243;][et_pb_column type=\u00bb3_5&#8243; _builder_version=\u00bb3.19.11&#8243; parallax=\u00bboff\u00bb parallax_method=\u00bbon\u00bb][et_pb_code _builder_version=\u00bb3.19.11&#8243;]<!DOCTYPE html><!-- [et_pb_line_break_holder] --><html><!-- [et_pb_line_break_holder] --><head><!-- [et_pb_line_break_holder] --><meta name=\"viewport\" content=\"width=device-width, initial-scale=1\"><!-- [et_pb_line_break_holder] --><\/p>\n<style><!-- [et_pb_line_break_holder] -->div.example {<!-- [et_pb_line_break_holder] -->  color: #222c84;<!-- [et_pb_line_break_holder] -->  padding-bottom: 30px;<!-- [et_pb_line_break_holder] -->  font-weight:bold;<!-- [et_pb_line_break_holder] -->  font-family:lato;<!-- [et_pb_line_break_holder] -->}<!-- [et_pb_line_break_holder] -->  <!-- [et_pb_line_break_holder] -->  div.example2 {<!-- [et_pb_line_break_holder] -->  color: #222c84;<!-- [et_pb_line_break_holder] -->  padding-bottom: 30px;<!-- [et_pb_line_break_holder] -->  font-weight:bold;<!-- [et_pb_line_break_holder] -->  font-family:lato;<!-- [et_pb_line_break_holder] -->    line-height:1;<!-- [et_pb_line_break_holder] -->}<!-- [et_pb_line_break_holder] --><!-- [et_pb_line_break_holder] -->@media screen and (min-width: 601px) {<!-- [et_pb_line_break_holder] -->  div.example {<!-- [et_pb_line_break_holder] -->    font-size: 90px;<!-- [et_pb_line_break_holder] -->  }<!-- [et_pb_line_break_holder] -->  div.example2 {<!-- [et_pb_line_break_holder] -->    font-size: 60px;<!-- [et_pb_line_break_holder] -->  }<!-- [et_pb_line_break_holder] -->}<!-- [et_pb_line_break_holder] --><!-- [et_pb_line_break_holder] -->@media screen and (max-width: 600px) {<!-- [et_pb_line_break_holder] -->  div.example {<!-- [et_pb_line_break_holder] -->    font-size: 30px;<!-- [et_pb_line_break_holder] -->  }<!-- [et_pb_line_break_holder] -->  div.example2 {<!-- [et_pb_line_break_holder] -->    font-size: 10px;<!-- [et_pb_line_break_holder] -->  }<!-- [et_pb_line_break_holder] -->}<!-- [et_pb_line_break_holder] --><\/style>\n<p><!-- [et_pb_line_break_holder] --><\/head><!-- [et_pb_line_break_holder] --><body><!-- [et_pb_line_break_holder] --><!-- [et_pb_line_break_holder] --><!-- [et_pb_line_break_holder] --><!-- [et_pb_line_break_holder] --><\/p>\n<div class=\"example\">Outsourcing<\/div>\n<p><!-- [et_pb_line_break_holder] --><!-- [et_pb_line_break_holder] --><\/p>\n<p style=\" color: black;<!-- [et_pb_line_break_holder] -->  padding-top: 20px;<!-- [et_pb_line_break_holder] --> line-height:1.3;<!-- [et_pb_line_break_holder] -->  font-family:lato;font-size:1.5vw\u00bb> A trav\u00e9s de este servicio nos desempe\u00f1arnos como el Departamento Jur\u00eddico de su empresa, integrando un abogado de nuestra firma de forma permanente en su organizaci\u00f3n, para efectos de resolver las necesidades jur\u00eddicas diarias, tanto operativas como estrat\u00e9gicas.<!-- [et_pb_line_break_holder] --><br \/><!-- [et_pb_line_break_holder] -->Una de las principales ventajas de la Consejer\u00eda Outsourcing, consiste en que el abogado cuenta con un grupo de soporte multidisciplinario, con quien realiza una labor conjunta. Este grupo de colaboradores de nuestra Firma, liderado por abogados con amplia trayectoria y experiencia, no solo ofrece soluciones para sus necesidades actuales sino que tambi\u00e9n trabaja proactivamente, detectando riesgos, oportunidades de negocios, creando estrategias, apoyando la toma de decisiones complejas, etc.<br \/><!-- [et_pb_line_break_holder] -->El esquema de trabajo de la Firma aporta Flexibilidad e Innovaci\u00f3n, dado el enfoque global que brinda nuestro equipo de trabajo multidisciplinario. As\u00ed su empresa puede hacer frente a los desaf\u00edos jur\u00eddicos constantes que el desarrollo de la funci\u00f3n empresarial supone.<\/p>\n<p><!-- [et_pb_line_break_holder] -->  <br \/><!-- [et_pb_line_break_holder] -->  <\/p>\n<div class=\"example2\"><!-- [et_pb_line_break_holder] -->  Beneficios de la Consejer\u00eda Outsourcing:<!-- [et_pb_line_break_holder] -->  <\/div>\n<p><!-- [et_pb_line_break_holder] --><!-- [et_pb_line_break_holder] --><\/p>\n<div style=\"font-family:lato; text-align: left;font-size:2.5vw;color:#000000\"><!-- [et_pb_line_break_holder] --><\/p>\n<ul><!-- [et_pb_line_break_holder] --><\/p>\n<li>\n<pre style=\"font-family:lato; text-align: left;font-size:1.5vw;color:#000000\" >Soporte total de una Firma de abogados Expertos en diferentes ramas del Derecho.<\/pre>\n<\/li>\n<p><!-- [et_pb_line_break_holder] --><\/p>\n<li>\n<pre style=\"font-family:lato; text-align: left;font-size:1.5vw;color:#000000\" >Uso tecnolog\u00eda de vanguardia para el manejo de la informaci\u00f3n y el contacto permanente con el cliente.<\/pre>\n<\/li>\n<p><!-- [et_pb_line_break_holder] --><\/p>\n<li>\n<pre style=\"font-family:lato; text-align: left;font-size:1.5vw;color:#000000\" >Disminuci\u00f3n de costos en Infraestructura.<\/pre>\n<\/li>\n<p><!-- [et_pb_line_break_holder] --><\/p>\n<li>\n<pre style=\"font-family:lato; text-align: left;font-size:1.5vw;color:#000000\" >Disminuci\u00f3n de costos salariales.<\/pre>\n<\/li>\n<p><!-- [et_pb_line_break_holder] --><\/p>\n<li>\n<pre style=\"font-family:lato; text-align: left;font-size:1.5vw;color:#000000\" >Garant\u00eda de continuidad y memoria de los asuntos de relevancia jur\u00eddica.<\/pre>\n<\/li>\n<p><!-- [et_pb_line_break_holder] --><\/p>\n<li>\n<pre style=\"font-family:lato; text-align: left;font-size:1.5vw;color:#000000\" >Actualizaci\u00f3n constante en temas legales de inter\u00e9s.<\/pre>\n<\/li>\n<p><!-- [et_pb_line_break_holder] --><\/ul>\n<p><!-- [et_pb_line_break_holder] --><\/div>\n<p><!-- [et_pb_line_break_holder] --><\/body><!-- [et_pb_line_break_holder] --><\/html><!-- [et_pb_line_break_holder] -->[\/et_pb_code][\/et_pb_column][et_pb_column type=\u00bb2_5&#8243; _builder_version=\u00bb3.19.11&#8243; parallax=\u00bboff\u00bb parallax_method=\u00bbon\u00bb][et_pb_image src=\u00bbhttp:\/\/osorioabogados.com\/wp-content\/uploads\/2020\/12\/Outsourcing-02-1.png\u00bb _builder_version=\u00bb3.19.11&#8243;][\/et_pb_image][\/et_pb_column][\/et_pb_row][\/et_pb_section]<\/p>\n","protected":false},"excerpt":{"rendered":"<p>[et_pb_section fb_built=\u00bb1&#8243; fullwidth=\u00bbon\u00bb _builder_version=\u00bb3.19.11&#8243;][et_pb_fullwidth_image src=\u00bbhttp:\/\/osorioabogados.com\/wp-content\/uploads\/2020\/12\/Outsourcing-01-3.png\u00bb _builder_version=\u00bb3.19.11&#8243;][\/et_pb_fullwidth_image][\/et_pb_section][et_pb_section fb_built=\u00bb1&#8243; _builder_version=\u00bb3.19.11&#8243;][et_pb_row make_fullwidth=\u00bbon\u00bb custom_padding=\u00bb0|0px|0|0px|false|false\u00bb _builder_version=\u00bb3.19.11&#8243;][et_pb_column type=\u00bb3_5&#8243; _builder_version=\u00bb3.19.11&#8243; parallax=\u00bboff\u00bb parallax_method=\u00bbon\u00bb][et_pb_code _builder_version=\u00bb3.19.11&#8243;] Outsourcing<\/p>\n","protected":false},"author":1,"featured_media":0,"parent":0,"menu_order":0,"comment_status":"closed","ping_status":"closed","template":"","meta":{"_et_pb_use_builder":"on","_et_pb_old_content":""},"_links":{"self":[{"href":"https:\/\/osorioabogados.com\/index.php\/wp-json\/wp\/v2\/pages\/374"}],"collection":[{"href":"https:\/\/osorioabogados.com\/index.php\/wp-json\/wp\/v2\/pages"}],"about":[{"href":"https:\/\/osorioabogados.com\/index.php\/wp-json\/wp\/v2\/types\/page"}],"author":[{"embeddable":true,"href":"https:\/\/osorioabogados.com\/index.php\/wp-json\/wp\/v2\/users\/1"}],"replies":[{"embeddable":true,"href":"https:\/\/osorioabogados.com\/index.php\/wp-json\/wp\/v2\/comments?post=374"}],"version-history":[{"count":15,"href":"https:\/\/osorioabogados.com\/index.php\/wp-json\/wp\/v2\/pages\/374\/revisions"}],"predecessor-version":[{"id":969,"href":"https:\/\/osorioabogados.com\/index.php\/wp-json\/wp\/v2\/pages\/374\/revisions\/969"}],"wp:attachment":[{"href":"https:\/\/osorioabogados.com\/index.php\/wp-json\/wp\/v2\/media?parent=374"}],"curies":[{"name":"wp","href":"https:\/\/api.w.org\/{rel}","templated":true}]}}