{"id":329,"date":"2020-12-18T18:16:46","date_gmt":"2020-12-18T23:16:46","guid":{"rendered":"http:\/\/osorioabogados.com\/?page_id=329"},"modified":"2021-02-04T18:03:15","modified_gmt":"2021-02-04T23:03:15","slug":"yohana","status":"publish","type":"page","link":"https:\/\/osorioabogados.com\/index.php\/yohana\/","title":{"rendered":"Yohana"},"content":{"rendered":"<p>[et_pb_section fb_built=\u00bb1&#8243; _builder_version=\u00bb3.19.11&#8243; custom_padding=\u00bb54px|0px|20px|0px|false|false\u00bb][et_pb_row make_fullwidth=\u00bbon\u00bb custom_padding=\u00bb27px|0px|0|0px|false|false\u00bb _builder_version=\u00bb3.19.11&#8243;][et_pb_column type=\u00bb1_2&#8243; _builder_version=\u00bb3.19.11&#8243; parallax=\u00bboff\u00bb parallax_method=\u00bbon\u00bb][et_pb_image src=\u00bbhttp:\/\/osorioabogados.com\/wp-content\/uploads\/2020\/12\/Yohana-perfil-01.png\u00bb _builder_version=\u00bb3.19.11&#8243;][\/et_pb_image][\/et_pb_column][et_pb_column type=\u00bb1_2&#8243; _builder_version=\u00bb3.19.11&#8243; parallax=\u00bboff\u00bb parallax_method=\u00bbon\u00bb][et_pb_code _builder_version=\u00bb3.19.11&#8243;]<!-- [et_pb_line_break_holder] --><br \/><!-- [et_pb_line_break_holder] --><\/p>\n<h1 style=\"color:black;font-size:5vw;font-family:lato;\"><!-- [et_pb_line_break_holder] -->  Yohana Chalarca<!-- [et_pb_line_break_holder] --><\/h1>\n<p><!-- [et_pb_line_break_holder] --><\/p>\n<h2 style=\"color:black;font-size:3vw;font-family:lato\"><!-- [et_pb_line_break_holder] -->  Contable<!-- [et_pb_line_break_holder] --><\/h2>\n<p><!-- [et_pb_line_break_holder] --><br \/><!-- [et_pb_line_break_holder] --><\/p>\n<h3 style=\"font-family:lato; text-align: left;font-size:1.5vw;color:#000000\"><!-- [et_pb_line_break_holder] --> <b> Formaci\u00f3n: <\/b><!-- [et_pb_line_break_holder] --><\/h3>\n<p><!-- [et_pb_line_break_holder] --><!-- [et_pb_line_break_holder] --><\/p>\n<div style=\"font-family:lato; text-align: left;font-size:1.5vw;color:#000000\"><!-- [et_pb_line_break_holder] -->  <\/p>\n<ul><!-- [et_pb_line_break_holder] -->  <\/p>\n<li>\n<pre style=\"font-family:lato; text-align: left;font-size:1.3vw;color:#000000\" >Tecn\u00f3loga en Finanzas y Sistemas Contables, de la Fundaci\u00f3n Centro<!-- [et_pb_line_break_holder] --> Colombiano de Estudios Profesionales \u2013 FCECEP.<\/pre>\n<\/li>\n<p><!-- [et_pb_line_break_holder] -->     <\/p>\n<li>\n<pre style=\"font-family:lato; text-align: left;font-size:1.3vw;color:#000000\" >T\u00e9cnico Contable, Origen Universidad de los Andes de Cali.<\/pre>\n<\/li>\n<p><!-- [et_pb_line_break_holder] -->    <\/p>\n<li>\n<pre style=\"font-family:lato; text-align: left;font-size:1.3vw;color:#000000\" >Aspirante al grado como Contadora P\u00fablica de la Universidad Libre <br>de Cali.<\/pre>\n<\/li>\n<p><!-- [et_pb_line_break_holder] -->  <\/p>\n<li>\n<pre style=\"font-family:lato; text-align: left;font-size:1.3vw;color:#000000\" >Estudiante del Diplomado de Normas Internaciones de Informaci\u00f3n<br>Financiera NIIF para Pymes, con preparaci\u00f3n de trabajo de grado<br> sobre la Niif para Pymes Secci\u00f3n 17, Propiedad Planta y Equipo,<br> Universidad Libre de Cali.<\/pre>\n<\/li>\n<p><!-- [et_pb_line_break_holder] --><\/ul>\n<p>   <!-- [et_pb_line_break_holder] --><\/div>\n<p><!-- [et_pb_line_break_holder] -->  <br \/><!-- [et_pb_line_break_holder] -->    <\/p>\n<h3 style=\"font-family:lato; text-align: left;font-size:1.3vw;color:#000000\"><!-- [et_pb_line_break_holder] --> <b>Experiencia Laboral:<\/b><!-- [et_pb_line_break_holder] --><\/h3>\n<p><!-- [et_pb_line_break_holder] --><\/p>\n<div style=\"font-family:lato; text-align: left;font-size:1.3vw;color:#000000\"><!-- [et_pb_line_break_holder] -->  <\/p>\n<ul><!-- [et_pb_line_break_holder] -->  <\/p>\n<li>\n<pre style=\"font-family:lato; text-align: left;font-size:1.3vw;color:#000000\" >Asistente Contable y Administrativa, Protecci\u00f3n Legal & Empresarial <br>S.A.S. <\/pre>\n<\/li>\n<p><!-- [et_pb_line_break_holder] -->     <\/p>\n<li>\n<pre style=\"font-family:lato; text-align: left;font-size:1.3vw;color:#000000\" >Asistente Contable \u201cEnlace Cta\u201d Empresa de corretaje autorizada por<br> Coomeva EPS. <\/pre>\n<\/li>\n<p><!-- [et_pb_line_break_holder] -->    <\/p>\n<li>\n<pre style=\"font-family:lato; text-align: left;font-size:1.3vw;color:#000000\" > Jefe Departamento de N\u00f3mina, Cooperativa Talentos S.A.<\/pre>\n<\/li>\n<p><!-- [et_pb_line_break_holder] -->    <\/p>\n<li>\n<pre style=\"font-family:lato; text-align: left;font-size:1.3vw;color:#000000\" >Almacenista, Compras e Inventarios, Colegio San Luis Gonzaga de Cali. <\/pre>\n<\/li>\n<p><!-- [et_pb_line_break_holder] --><\/ul>\n<p>   <!-- [et_pb_line_break_holder] --><\/div>\n<p>\t[\/et_pb_code][\/et_pb_column][\/et_pb_row][\/et_pb_section]<\/p>\n","protected":false},"excerpt":{"rendered":"<p>[et_pb_section fb_built=\u00bb1&#8243; _builder_version=\u00bb3.19.11&#8243; custom_padding=\u00bb54px|0px|20px|0px|false|false\u00bb][et_pb_row make_fullwidth=\u00bbon\u00bb custom_padding=\u00bb27px|0px|0|0px|false|false\u00bb _builder_version=\u00bb3.19.11&#8243;][et_pb_column type=\u00bb1_2&#8243; _builder_version=\u00bb3.19.11&#8243; parallax=\u00bboff\u00bb parallax_method=\u00bbon\u00bb][et_pb_image src=\u00bbhttp:\/\/osorioabogados.com\/wp-content\/uploads\/2020\/12\/Yohana-perfil-01.png\u00bb _builder_version=\u00bb3.19.11&#8243;][\/et_pb_image][\/et_pb_column][et_pb_column type=\u00bb1_2&#8243; _builder_version=\u00bb3.19.11&#8243; parallax=\u00bboff\u00bb parallax_method=\u00bbon\u00bb][et_pb_code _builder_version=\u00bb3.19.11&#8243;] Yohana Chalarca Contable Formaci\u00f3n: Tecn\u00f3loga en Finanzas y Sistemas Contables, de la Fundaci\u00f3n Centro Colombiano de Estudios Profesionales \u2013 FCECEP. T\u00e9cnico Contable, Origen Universidad de los Andes de Cali. Aspirante al grado como Contadora P\u00fablica de la [&hellip;]<\/p>\n","protected":false},"author":1,"featured_media":0,"parent":0,"menu_order":0,"comment_status":"closed","ping_status":"closed","template":"","meta":{"_et_pb_use_builder":"on","_et_pb_old_content":""},"_links":{"self":[{"href":"https:\/\/osorioabogados.com\/index.php\/wp-json\/wp\/v2\/pages\/329"}],"collection":[{"href":"https:\/\/osorioabogados.com\/index.php\/wp-json\/wp\/v2\/pages"}],"about":[{"href":"https:\/\/osorioabogados.com\/index.php\/wp-json\/wp\/v2\/types\/page"}],"author":[{"embeddable":true,"href":"https:\/\/osorioabogados.com\/index.php\/wp-json\/wp\/v2\/users\/1"}],"replies":[{"embeddable":true,"href":"https:\/\/osorioabogados.com\/index.php\/wp-json\/wp\/v2\/comments?post=329"}],"version-history":[{"count":9,"href":"https:\/\/osorioabogados.com\/index.php\/wp-json\/wp\/v2\/pages\/329\/revisions"}],"predecessor-version":[{"id":983,"href":"https:\/\/osorioabogados.com\/index.php\/wp-json\/wp\/v2\/pages\/329\/revisions\/983"}],"wp:attachment":[{"href":"https:\/\/osorioabogados.com\/index.php\/wp-json\/wp\/v2\/media?parent=329"}],"curies":[{"name":"wp","href":"https:\/\/api.w.org\/{rel}","templated":true}]}}