{"id":320,"date":"2020-12-16T18:24:48","date_gmt":"2020-12-16T23:24:48","guid":{"rendered":"http:\/\/osorioabogados.com\/?page_id=320"},"modified":"2021-01-03T21:27:11","modified_gmt":"2021-01-04T02:27:11","slug":"nathalia","status":"publish","type":"page","link":"https:\/\/osorioabogados.com\/index.php\/nathalia\/","title":{"rendered":"Nathalia"},"content":{"rendered":"<p>[et_pb_section fb_built=\u00bb1&#8243; _builder_version=\u00bb3.19.11&#8243; custom_padding=\u00bb54px|0px|18px|0px|false|false\u00bb][et_pb_row make_fullwidth=\u00bbon\u00bb custom_padding=\u00bb27px|0px|0|0px|false|false\u00bb _builder_version=\u00bb3.19.11&#8243;][et_pb_column type=\u00bb1_2&#8243; _builder_version=\u00bb3.19.11&#8243; parallax=\u00bboff\u00bb parallax_method=\u00bbon\u00bb][et_pb_image src=\u00bbhttp:\/\/osorioabogados.com\/wp-content\/uploads\/2020\/12\/Nathalia-perfil-01.png\u00bb _builder_version=\u00bb3.19.11&#8243;][\/et_pb_image][\/et_pb_column][et_pb_column type=\u00bb1_2&#8243; _builder_version=\u00bb3.19.11&#8243; parallax=\u00bboff\u00bb parallax_method=\u00bbon\u00bb][et_pb_code _builder_version=\u00bb3.19.11&#8243;]<!-- [et_pb_line_break_holder] --><br \/><!-- [et_pb_line_break_holder] --><\/p>\n<h1 style=\"color:black;font-size:5vw;font-family:lato;\"><!-- [et_pb_line_break_holder] -->  Nathalia Quintero Fonseca<!-- [et_pb_line_break_holder] --><\/h1>\n<p><!-- [et_pb_line_break_holder] --><\/p>\n<h2 style=\"color:black;font-size:3vw;font-family:lato\"><!-- [et_pb_line_break_holder] -->  Abogada<!-- [et_pb_line_break_holder] --><\/h2>\n<p><!-- [et_pb_line_break_holder] --><br \/><!-- [et_pb_line_break_holder] --><\/p>\n<h3 style=\"font-family:lato; text-align: left;font-size:1.5vw;color:#000000\"><!-- [et_pb_line_break_holder] --> <b> Formaci\u00f3n: <\/b><!-- [et_pb_line_break_holder] --><\/h3>\n<p><!-- [et_pb_line_break_holder] --><!-- [et_pb_line_break_holder] --><\/p>\n<div style=\"font-family:lato; text-align: left;font-size:1.5vw;color:#000000\"><!-- [et_pb_line_break_holder] -->  <\/p>\n<ul><!-- [et_pb_line_break_holder] -->  <\/p>\n<li>\n<pre style=\"font-family:lato; text-align: left;font-size:1.3vw;color:#000000\" ><b>Abogada.<\/b><br>Pontificia Universidad Javeriana.<\/pre>\n<\/li>\n<p><!-- [et_pb_line_break_holder] --> <!-- [et_pb_line_break_holder] --><\/ul>\n<p>   <!-- [et_pb_line_break_holder] --><\/div>\n<p><!-- [et_pb_line_break_holder] -->  <br \/><!-- [et_pb_line_break_holder] -->    <\/p>\n<h3 style=\"font-family:lato; text-align: left;font-size:1.3vw;color:#000000\"><!-- [et_pb_line_break_holder] --> <b> \u00c1reas de experticia: <\/b><!-- [et_pb_line_break_holder] --><\/h3>\n<p><!-- [et_pb_line_break_holder] --><\/p>\n<div style=\"font-family:lato; text-align: left;font-size:1.3vw;color:#000000\"><!-- [et_pb_line_break_holder] -->  <\/p>\n<ul><!-- [et_pb_line_break_holder] -->  <\/p>\n<li>\n<pre style=\"font-family:lato; text-align: left;font-size:1.3vw;color:#000000\" >Asesor\u00eda y consultor\u00eda en derecho comercial, civil, y corporativo a <br>empresas, en especial en los sectores de tecnolog\u00eda, salud y servicios.<\/pre>\n<\/li>\n<p><!-- [et_pb_line_break_holder] -->     <\/p>\n<li>\n<pre style=\"font-family:lato; text-align: left;font-size:1.3vw;color:#000000\" >Negociaci\u00f3n y elaboraci\u00f3n de contratos civiles y comerciales.<\/pre>\n<\/li>\n<p><!-- [et_pb_line_break_holder] -->    <\/p>\n<li>\n<pre style=\"font-family:lato; text-align: left;font-size:1.3vw;color:#000000\" >Asesor\u00eda en materia de Derecho Empresarial especialmente mediante<br>acompa\u00f1amiento en reuniones de Junta Directiva, Asamblea de<br>Accionistas y Junta de Socios.<\/pre>\n<\/li>\n<p><!-- [et_pb_line_break_holder] -->      <\/p>\n<li>\n<pre style=\"font-family:lato; text-align: left;font-size:1.3vw;color:#000000\" >Estructuraci\u00f3n de negocios y proyectos empresariales, fusiones,<br>escisiones, y constituci\u00f3n de empresas con capital nacional y <br>extranjero.<\/pre>\n<\/li>\n<p><!-- [et_pb_line_break_holder] -->  <!-- [et_pb_line_break_holder] --><\/ul>\n<p>   <!-- [et_pb_line_break_holder] --><\/div>\n<p>\t[\/et_pb_code][\/et_pb_column][\/et_pb_row][\/et_pb_section]<\/p>\n","protected":false},"excerpt":{"rendered":"<p>[et_pb_section fb_built=\u00bb1&#8243; _builder_version=\u00bb3.19.11&#8243; custom_padding=\u00bb54px|0px|18px|0px|false|false\u00bb][et_pb_row make_fullwidth=\u00bbon\u00bb custom_padding=\u00bb27px|0px|0|0px|false|false\u00bb _builder_version=\u00bb3.19.11&#8243;][et_pb_column type=\u00bb1_2&#8243; _builder_version=\u00bb3.19.11&#8243; parallax=\u00bboff\u00bb parallax_method=\u00bbon\u00bb][et_pb_image src=\u00bbhttp:\/\/osorioabogados.com\/wp-content\/uploads\/2020\/12\/Nathalia-perfil-01.png\u00bb _builder_version=\u00bb3.19.11&#8243;][\/et_pb_image][\/et_pb_column][et_pb_column type=\u00bb1_2&#8243; _builder_version=\u00bb3.19.11&#8243; parallax=\u00bboff\u00bb parallax_method=\u00bbon\u00bb][et_pb_code _builder_version=\u00bb3.19.11&#8243;] Nathalia Quintero Fonseca Abogada Formaci\u00f3n: Abogada.Pontificia Universidad Javeriana. \u00c1reas de experticia: Asesor\u00eda y consultor\u00eda en derecho comercial, civil, y corporativo a empresas, en especial en los sectores de tecnolog\u00eda, salud y servicios. Negociaci\u00f3n y elaboraci\u00f3n de contratos [&hellip;]<\/p>\n","protected":false},"author":1,"featured_media":0,"parent":0,"menu_order":0,"comment_status":"closed","ping_status":"closed","template":"","meta":{"_et_pb_use_builder":"on","_et_pb_old_content":""},"_links":{"self":[{"href":"https:\/\/osorioabogados.com\/index.php\/wp-json\/wp\/v2\/pages\/320"}],"collection":[{"href":"https:\/\/osorioabogados.com\/index.php\/wp-json\/wp\/v2\/pages"}],"about":[{"href":"https:\/\/osorioabogados.com\/index.php\/wp-json\/wp\/v2\/types\/page"}],"author":[{"embeddable":true,"href":"https:\/\/osorioabogados.com\/index.php\/wp-json\/wp\/v2\/users\/1"}],"replies":[{"embeddable":true,"href":"https:\/\/osorioabogados.com\/index.php\/wp-json\/wp\/v2\/comments?post=320"}],"version-history":[{"count":9,"href":"https:\/\/osorioabogados.com\/index.php\/wp-json\/wp\/v2\/pages\/320\/revisions"}],"predecessor-version":[{"id":827,"href":"https:\/\/osorioabogados.com\/index.php\/wp-json\/wp\/v2\/pages\/320\/revisions\/827"}],"wp:attachment":[{"href":"https:\/\/osorioabogados.com\/index.php\/wp-json\/wp\/v2\/media?parent=320"}],"curies":[{"name":"wp","href":"https:\/\/api.w.org\/{rel}","templated":true}]}}