{"id":312,"date":"2020-12-16T18:19:35","date_gmt":"2020-12-16T23:19:35","guid":{"rendered":"http:\/\/osorioabogados.com\/?page_id=312"},"modified":"2021-02-04T17:53:53","modified_gmt":"2021-02-04T22:53:53","slug":"juan","status":"publish","type":"page","link":"https:\/\/osorioabogados.com\/index.php\/juan\/","title":{"rendered":"juan"},"content":{"rendered":"<p>[et_pb_section fb_built=\u00bb1&#8243; _builder_version=\u00bb3.19.11&#8243; custom_padding=\u00bb54px|0px|20px|0px|false|false\u00bb][et_pb_row make_fullwidth=\u00bbon\u00bb custom_padding=\u00bb0|0px|0|0px|false|false\u00bb _builder_version=\u00bb3.19.11&#8243;][et_pb_column type=\u00bb1_2&#8243; _builder_version=\u00bb3.19.11&#8243; parallax=\u00bboff\u00bb parallax_method=\u00bbon\u00bb][et_pb_image src=\u00bbhttp:\/\/osorioabogados.com\/wp-content\/uploads\/2020\/12\/Juan-perfil-01.png\u00bb _builder_version=\u00bb3.19.11&#8243;][\/et_pb_image][\/et_pb_column][et_pb_column type=\u00bb1_2&#8243; _builder_version=\u00bb3.19.11&#8243; parallax=\u00bboff\u00bb parallax_method=\u00bbon\u00bb][et_pb_code _builder_version=\u00bb3.19.11&#8243;]<!-- [et_pb_line_break_holder] --><br \/><!-- [et_pb_line_break_holder] --><\/p>\n<h1 style=\"color:black;font-size:5vw;font-family:lato;\"><!-- [et_pb_line_break_holder] -->  Juan Jos\u00e9 Osorio Abella<!-- [et_pb_line_break_holder] --><\/h1>\n<p><!-- [et_pb_line_break_holder] --><\/p>\n<h2 style=\"color:black;font-size:3vw;font-family:lato\"><!-- [et_pb_line_break_holder] -->  Abogado<!-- [et_pb_line_break_holder] --><\/h2>\n<p><!-- [et_pb_line_break_holder] --><!-- [et_pb_line_break_holder] --><br \/><!-- [et_pb_line_break_holder] --><\/p>\n<h3 style=\"font-family:lato; text-align: left;font-size:1.3vw;color:#000000\"><!-- [et_pb_line_break_holder] --> <b> Formaci\u00f3n: <\/b><!-- [et_pb_line_break_holder] --><\/h3>\n<p><!-- [et_pb_line_break_holder] --><!-- [et_pb_line_break_holder] --><\/p>\n<div style=\"font-family:lato; text-align: left;font-size:1.3vw;color:#000000\"><!-- [et_pb_line_break_holder] -->  <\/p>\n<ul><!-- [et_pb_line_break_holder] -->  <\/p>\n<li>\n<pre style=\"font-family:lato; text-align: left;font-size:1.3vw;color:#000000\" ><b>Abogado.<\/b><br>Pontificia Universidad Javeriana.<\/pre>\n<\/li>\n<p><!-- [et_pb_line_break_holder] -->     <\/p>\n<li>\n<pre style=\"font-family:lato; text-align: left;font-size:1.3vw;color:#000000\" ><b>Candidato a Magister en Derecho Privado Persona y Sociedad, con<br>\u00e9nfasis en Responsabilidad contractual y extracontractual civil y del<br> Estado.<\/b><br>Universidad Externado de Colombia.<\/pre>\n<\/li>\n<p><!-- [et_pb_line_break_holder] -->  <!-- [et_pb_line_break_holder] --><\/ul>\n<p>   <!-- [et_pb_line_break_holder] --><\/div>\n<p><!-- [et_pb_line_break_holder] -->  <br \/><!-- [et_pb_line_break_holder] -->    <\/p>\n<h3 style=\"font-family:lato; text-align: left;font-size:1.3vw;color:#000000\"><!-- [et_pb_line_break_holder] --> <b> \u00c1reas de experticia: <\/b><!-- [et_pb_line_break_holder] --><\/h3>\n<p><!-- [et_pb_line_break_holder] --><\/p>\n<div style=\"font-family:lato; text-align: left;font-size:1.3vw;color:#000000\"><!-- [et_pb_line_break_holder] -->  <\/p>\n<ul><!-- [et_pb_line_break_holder] -->  <\/p>\n<li>\n<pre style=\"font-family:lato; text-align: left;font-size:1.3vw;color:#000000\" >Apoderamiento en procesos judiciales y arbitrales, especialmente en<br>materia de Responsabilidad Civil.<\/pre>\n<\/li>\n<p><!-- [et_pb_line_break_holder] -->     <\/p>\n<li>\n<pre style=\"font-family:lato; text-align: left;font-size:1.3vw;color:#000000\" >Estructuraci\u00f3n de negocios y proyectos empresariales, constituci\u00f3n<br>de sociedades, reformas estatutarias, fusiones, escisiones. <\/pre>\n<\/li>\n<p><!-- [et_pb_line_break_holder] -->    <\/p>\n<li>\n<pre style=\"font-family:lato; text-align: left;font-size:1.3vw;color:#000000\" >Negociaci\u00f3n, elaboraci\u00f3n y revisi\u00f3n de contratos Civiles y Comerciales.<\/pre>\n<\/li>\n<p><!-- [et_pb_line_break_holder] -->    <\/p>\n<li>\n<pre style=\"font-family:lato; text-align: left;font-size:1.3vw;color:#000000\" >Asesor\u00eda  en derecho civil, comercial, societario y<!-- [et_pb_line_break_holder] -->procesal.<\/pre>\n<\/li>\n<p><!-- [et_pb_line_break_holder] --><\/ul>\n<p>   <!-- [et_pb_line_break_holder] --><\/div>\n<p>\t<!-- [et_pb_line_break_holder] -->[\/et_pb_code][\/et_pb_column][\/et_pb_row][\/et_pb_section]<\/p>\n","protected":false},"excerpt":{"rendered":"<p>[et_pb_section fb_built=\u00bb1&#8243; _builder_version=\u00bb3.19.11&#8243; custom_padding=\u00bb54px|0px|20px|0px|false|false\u00bb][et_pb_row make_fullwidth=\u00bbon\u00bb custom_padding=\u00bb0|0px|0|0px|false|false\u00bb _builder_version=\u00bb3.19.11&#8243;][et_pb_column type=\u00bb1_2&#8243; _builder_version=\u00bb3.19.11&#8243; parallax=\u00bboff\u00bb parallax_method=\u00bbon\u00bb][et_pb_image src=\u00bbhttp:\/\/osorioabogados.com\/wp-content\/uploads\/2020\/12\/Juan-perfil-01.png\u00bb _builder_version=\u00bb3.19.11&#8243;][\/et_pb_image][\/et_pb_column][et_pb_column type=\u00bb1_2&#8243; _builder_version=\u00bb3.19.11&#8243; parallax=\u00bboff\u00bb parallax_method=\u00bbon\u00bb][et_pb_code _builder_version=\u00bb3.19.11&#8243;] Juan Jos\u00e9 Osorio Abella Abogado Formaci\u00f3n: Abogado.Pontificia Universidad Javeriana. Candidato a Magister en Derecho Privado Persona y Sociedad, con\u00e9nfasis en Responsabilidad contractual y extracontractual civil y del Estado.Universidad Externado de Colombia. \u00c1reas de experticia: Apoderamiento en procesos [&hellip;]<\/p>\n","protected":false},"author":1,"featured_media":0,"parent":0,"menu_order":0,"comment_status":"closed","ping_status":"closed","template":"","meta":{"_et_pb_use_builder":"on","_et_pb_old_content":""},"_links":{"self":[{"href":"https:\/\/osorioabogados.com\/index.php\/wp-json\/wp\/v2\/pages\/312"}],"collection":[{"href":"https:\/\/osorioabogados.com\/index.php\/wp-json\/wp\/v2\/pages"}],"about":[{"href":"https:\/\/osorioabogados.com\/index.php\/wp-json\/wp\/v2\/types\/page"}],"author":[{"embeddable":true,"href":"https:\/\/osorioabogados.com\/index.php\/wp-json\/wp\/v2\/users\/1"}],"replies":[{"embeddable":true,"href":"https:\/\/osorioabogados.com\/index.php\/wp-json\/wp\/v2\/comments?post=312"}],"version-history":[{"count":10,"href":"https:\/\/osorioabogados.com\/index.php\/wp-json\/wp\/v2\/pages\/312\/revisions"}],"predecessor-version":[{"id":977,"href":"https:\/\/osorioabogados.com\/index.php\/wp-json\/wp\/v2\/pages\/312\/revisions\/977"}],"wp:attachment":[{"href":"https:\/\/osorioabogados.com\/index.php\/wp-json\/wp\/v2\/media?parent=312"}],"curies":[{"name":"wp","href":"https:\/\/api.w.org\/{rel}","templated":true}]}}