{"id":204,"date":"2020-12-12T16:47:03","date_gmt":"2020-12-12T21:47:03","guid":{"rendered":"http:\/\/osorioabogados.com\/?page_id=204"},"modified":"2021-02-06T15:58:29","modified_gmt":"2021-02-06T20:58:29","slug":"contactenos","status":"publish","type":"page","link":"https:\/\/osorioabogados.com\/index.php\/contactenos\/","title":{"rendered":"Cont\u00e1ctenos"},"content":{"rendered":"<p>[et_pb_section fb_built=\u00bb1&#8243; fullwidth=\u00bbon\u00bb _builder_version=\u00bb3.19.11&#8243; custom_padding=\u00bb0|0px|10px|0px|false|false\u00bb][et_pb_fullwidth_image src=\u00bbhttp:\/\/osorioabogados.com\/wp-content\/uploads\/2020\/12\/Contacto-01-1.png\u00bb _builder_version=\u00bb3.19.11&#8243;][\/et_pb_fullwidth_image][\/et_pb_section][et_pb_section fb_built=\u00bb1&#8243; _builder_version=\u00bb3.19.11&#8243; background_color=\u00bb#222c84&#8243; custom_padding=\u00bb24px|0px|0|0px|false|false\u00bb][et_pb_row make_fullwidth=\u00bbon\u00bb custom_padding=\u00bb34px|0px|1px|0px|false|false\u00bb _builder_version=\u00bb3.19.11&#8243;][et_pb_column type=\u00bb1_2&#8243; _builder_version=\u00bb3.19.11&#8243; parallax=\u00bboff\u00bb parallax_method=\u00bbon\u00bb][wpforms_selector form_id=\u00bb94&#8243; show_title=\u00bbon\u00bb _builder_version=\u00bb3.19.11&#8243;][\/wpforms_selector][\/et_pb_column][et_pb_column type=\u00bb1_2&#8243; _builder_version=\u00bb3.19.11&#8243; parallax=\u00bboff\u00bb parallax_method=\u00bbon\u00bb][et_pb_code _builder_version=\u00bb3.19.11&#8243;]<!DOCTYPE html><!-- [et_pb_line_break_holder] --><html><!-- [et_pb_line_break_holder] --><head><!-- [et_pb_line_break_holder] --><meta name=\"viewport\" content=\"width=device-width, initial-scale=1\"><!-- [et_pb_line_break_holder] --><\/p>\n<style><!-- [et_pb_line_break_holder] -->div.about {<!-- [et_pb_line_break_holder] -->  padding: 18px;<!-- [et_pb_line_break_holder] --> <!-- [et_pb_line_break_holder] -->  font-family:lato;<!-- [et_pb_line_break_holder] -->    color:white;<!-- [et_pb_line_break_holder] -->  line-height:1.2;<!-- [et_pb_line_break_holder] -->  <!-- [et_pb_line_break_holder] -->}<!-- [et_pb_line_break_holder] -->  <!-- [et_pb_line_break_holder] -->  p.pabout{<!-- [et_pb_line_break_holder] -->     padding: 20px;<!-- [et_pb_line_break_holder] --> <!-- [et_pb_line_break_holder] -->  font-family:lato;<!-- [et_pb_line_break_holder] -->    color:white;<!-- [et_pb_line_break_holder] -->    line-height: normal;<!-- [et_pb_line_break_holder] -->    <!-- [et_pb_line_break_holder] -->  }<!-- [et_pb_line_break_holder] --><!-- [et_pb_line_break_holder] -->@media screen and (min-width: 601px) {<!-- [et_pb_line_break_holder] -->  div.about {<!-- [et_pb_line_break_holder] -->    font-size: 42px;<!-- [et_pb_line_break_holder] -->    tex-align:left;<!-- [et_pb_line_break_holder] -->    <!-- [et_pb_line_break_holder] -->  }<!-- [et_pb_line_break_holder] -->  p.pabout{<!-- [et_pb_line_break_holder] -->     font-size: 27px;<!-- [et_pb_line_break_holder] -->    line-height:40px;<!-- [et_pb_line_break_holder] -->  }<!-- [et_pb_line_break_holder] -->}<!-- [et_pb_line_break_holder] --><!-- [et_pb_line_break_holder] -->@media screen and (max-width: 600px) {<!-- [et_pb_line_break_holder] -->  div.about {<!-- [et_pb_line_break_holder] -->    font-size: 36px;<!-- [et_pb_line_break_holder] -->     margin-top:-2em;<!-- [et_pb_line_break_holder] -->    line-height:1;<!-- [et_pb_line_break_holder] -->     text-align:center;<!-- [et_pb_line_break_holder] -->  }<!-- [et_pb_line_break_holder] -->  <!-- [et_pb_line_break_holder] --> <!-- [et_pb_line_break_holder] -->   p.pabout {<!-- [et_pb_line_break_holder] -->    margin-top:-1em;<!-- [et_pb_line_break_holder] -->      font-size: 24px;<!-- [et_pb_line_break_holder] -->      text-align:center;<!-- [et_pb_line_break_holder] -->     line-height:1.5em;<!-- [et_pb_line_break_holder] -->      margin-bottom:2em;<!-- [et_pb_line_break_holder] -->  }<!-- [et_pb_line_break_holder] -->}<!-- [et_pb_line_break_holder] --><\/style>\n<p><!-- [et_pb_line_break_holder] --><\/head><!-- [et_pb_line_break_holder] --><body><!-- [et_pb_line_break_holder] --><!-- [et_pb_line_break_holder] --><!-- [et_pb_line_break_holder] --><!-- [et_pb_line_break_holder] --><\/p>\n<div class=\"about\">Contacto<\/div>\n<p><!-- [et_pb_line_break_holder] --><!-- [et_pb_line_break_holder] --><\/p>\n<p class=\"pabout\">  Direcci\u00f3n:<br \/><!-- [et_pb_line_break_holder] -->Cra 57 #2A &#8211; 39, Cuarto de Legua, Cali<br \/><!-- [et_pb_line_break_holder] --><!-- [et_pb_line_break_holder] --><!-- [et_pb_line_break_holder] --><!-- [et_pb_line_break_holder] -->Tel\u00e9fonos:<br \/><!-- [et_pb_line_break_holder] -->57(2)8894912<br \/><!-- [et_pb_line_break_holder] -->57(2)8894913<br \/><!-- [et_pb_line_break_holder] --><!-- [et_pb_line_break_holder] -->Correo electr\u00f3nico:<!-- [et_pb_line_break_holder] -->   servicioalcliente@osorioabogados.com<!-- [et_pb_line_break_holder] -->  <\/p>\n<p><!-- [et_pb_line_break_holder] -->  <!-- [et_pb_line_break_holder] -->   <!-- [et_pb_line_break_holder] --><!-- [et_pb_line_break_holder] --><!-- [et_pb_line_break_holder] --><\/body><!-- [et_pb_line_break_holder] --><\/html><!-- [et_pb_line_break_holder] -->[\/et_pb_code][\/et_pb_column][\/et_pb_row][\/et_pb_section][et_pb_section fb_built=\u00bb1&#8243; fullwidth=\u00bbon\u00bb _builder_version=\u00bb3.19.11&#8243;][et_pb_fullwidth_code _builder_version=\u00bb3.19.11&#8243;]<iframe src=\"https:\/\/www.google.com\/maps\/embed?pb=!1m18!1m12!1m3!1d3982.7592137891943!2d-76.55325538524198!3d3.408787997518774!2m3!1f0!2f0!3f0!3m2!1i1024!2i768!4f13.1!3m3!1m2!1s0x8e30a4019696f633%3A0xf717928b54f74b56!2sCra.%2057%20%232a-39%2C%20Cali%2C%20Valle%20del%20Cauca!5e0!3m2!1ses!2sco!4v1609728160729!5m2!1ses!2sco\" width=\"100%\" height=\"510\" frameborder=\"0\" style=\"border:0;\" allowfullscreen=\"\" aria-hidden=\"false\" tabindex=\"0\"><\/iframe>[\/et_pb_fullwidth_code][\/et_pb_section]<\/p>\n","protected":false},"excerpt":{"rendered":"<p>[et_pb_section fb_built=\u00bb1&#8243; fullwidth=\u00bbon\u00bb _builder_version=\u00bb3.19.11&#8243; custom_padding=\u00bb0|0px|10px|0px|false|false\u00bb][et_pb_fullwidth_image src=\u00bbhttp:\/\/osorioabogados.com\/wp-content\/uploads\/2020\/12\/Contacto-01-1.png\u00bb _builder_version=\u00bb3.19.11&#8243;][\/et_pb_fullwidth_image][\/et_pb_section][et_pb_section fb_built=\u00bb1&#8243; _builder_version=\u00bb3.19.11&#8243; background_color=\u00bb#222c84&#8243; custom_padding=\u00bb24px|0px|0|0px|false|false\u00bb][et_pb_row make_fullwidth=\u00bbon\u00bb custom_padding=\u00bb34px|0px|1px|0px|false|false\u00bb _builder_version=\u00bb3.19.11&#8243;][et_pb_column type=\u00bb1_2&#8243; _builder_version=\u00bb3.19.11&#8243; parallax=\u00bboff\u00bb parallax_method=\u00bbon\u00bb][wpforms_selector form_id=\u00bb94&#8243; show_title=\u00bbon\u00bb _builder_version=\u00bb3.19.11&#8243;][\/wpforms_selector][\/et_pb_column][et_pb_column type=\u00bb1_2&#8243; _builder_version=\u00bb3.19.11&#8243; parallax=\u00bboff\u00bb parallax_method=\u00bbon\u00bb][et_pb_code _builder_version=\u00bb3.19.11&#8243;] Contacto Direcci\u00f3n:Cra 57 #2A &#8211; 39, Cuarto de Legua, CaliTel\u00e9fonos:57(2)889491257(2)8894913Correo electr\u00f3nico: servicioalcliente@osorioabogados.com [\/et_pb_code][\/et_pb_column][\/et_pb_row][\/et_pb_section][et_pb_section fb_built=\u00bb1&#8243; fullwidth=\u00bbon\u00bb _builder_version=\u00bb3.19.11&#8243;][et_pb_fullwidth_code _builder_version=\u00bb3.19.11&#8243;][\/et_pb_fullwidth_code][\/et_pb_section]<\/p>\n","protected":false},"author":1,"featured_media":0,"parent":0,"menu_order":0,"comment_status":"closed","ping_status":"closed","template":"","meta":{"_et_pb_use_builder":"on","_et_pb_old_content":""},"_links":{"self":[{"href":"https:\/\/osorioabogados.com\/index.php\/wp-json\/wp\/v2\/pages\/204"}],"collection":[{"href":"https:\/\/osorioabogados.com\/index.php\/wp-json\/wp\/v2\/pages"}],"about":[{"href":"https:\/\/osorioabogados.com\/index.php\/wp-json\/wp\/v2\/types\/page"}],"author":[{"embeddable":true,"href":"https:\/\/osorioabogados.com\/index.php\/wp-json\/wp\/v2\/users\/1"}],"replies":[{"embeddable":true,"href":"https:\/\/osorioabogados.com\/index.php\/wp-json\/wp\/v2\/comments?post=204"}],"version-history":[{"count":25,"href":"https:\/\/osorioabogados.com\/index.php\/wp-json\/wp\/v2\/pages\/204\/revisions"}],"predecessor-version":[{"id":999,"href":"https:\/\/osorioabogados.com\/index.php\/wp-json\/wp\/v2\/pages\/204\/revisions\/999"}],"wp:attachment":[{"href":"https:\/\/osorioabogados.com\/index.php\/wp-json\/wp\/v2\/media?parent=204"}],"curies":[{"name":"wp","href":"https:\/\/api.w.org\/{rel}","templated":true}]}}